{"id":55,"date":"2013-05-07T13:46:51","date_gmt":"2013-05-07T13:46:51","guid":{"rendered":"http:\/\/smartsolution.web.id\/?page_id=55"},"modified":"2015-09-30T11:12:40","modified_gmt":"2015-09-30T03:12:40","slug":"daftar-sekarang","status":"publish","type":"page","link":"https:\/\/www.steven.id\/www.smartsolution.web.id\/daftar-sekarang\/","title":{"rendered":"Daftar Sekarang"},"content":{"rendered":"<div id=\"api-client-signup\">\n<form id=\"reg\" name=\"reg\" enctype=\"application\/x-www-form-urlencoded\" action=\"http:\/\/api.smartsolution.web.id\/v-2\/client-register\" method=\"post\">\n<div class=\"api_input\" id=\"api_email\">\n<label for=\"email\">Email address<\/label><br \/>\n<input type=\"text\" name=\"email\" id=\"email\" value=\"\"><\/div>\n<div class=\"api_input\" id=\"api_first_name\">\n<label for=\"first_name\">Name<\/label><br \/>\n<input type=\"text\" name=\"first_name\" id=\"first_name\" value=\"\"><\/div>\n<div class=\"api_input\" id=\"api_last_name\">\n<label for=\"last_name\">Last Name<\/label><br \/>\n<input type=\"text\" name=\"last_name\" id=\"last_name\" value=\"\"><\/div>\n<div class=\"api_input\" id=\"api_company\">\n<label for=\"company\">Company<\/label><br \/>\n<input type=\"text\" name=\"company\" id=\"company\" value=\"\"><\/div>\n<div class=\"api_input\" id=\"api_address_1\">\n<label for=\"address_1\">Address line 1<\/label><br \/>\n<input type=\"text\" name=\"address_1\" id=\"address_1\" value=\"\"><\/div>\n<div class=\"api_input\" id=\"api_address_2\">\n<label for=\"address_2\">Address line 2<\/label><br \/>\n<input type=\"text\" name=\"address_2\" id=\"address_2\" value=\"\"><\/div>\n<div class=\"api_input\" id=\"api_city\">\n<label for=\"city\">City<\/label><br \/>\n<input type=\"text\" name=\"city\" id=\"city\" value=\"\"><\/div>\n<div class=\"api_input\" id=\"api_country\">\n<label for=\"country\">Country<\/label><br \/>\n<select name=\"country\" id=\"country\"><option value=\"0\" label=\"Choose a country\">Choose a country<\/option><option value=\"AF\" label=\"Afghanistan\">Afghanistan<\/option><option value=\"AL\" label=\"Albania\">Albania<\/option><option value=\"DZ\" label=\"Algeria\">Algeria<\/option><option value=\"AS\" label=\"American Samoa\">American Samoa<\/option><option value=\"AD\" label=\"Andorra\">Andorra<\/option><option value=\"AO\" label=\"Angola\">Angola<\/option><option value=\"AI\" label=\"Anguilla\">Anguilla<\/option><option value=\"AQ\" label=\"Antarctica\">Antarctica<\/option><option value=\"AG\" label=\"Antigua and Barbuda\">Antigua and Barbuda<\/option><option value=\"AR\" label=\"Argentina\">Argentina<\/option><option value=\"AM\" label=\"Armenia\">Armenia<\/option><option value=\"AW\" label=\"Aruba\">Aruba<\/option><option value=\"AU\" label=\"Australia\">Australia<\/option><option value=\"AT\" label=\"Austria\">Austria<\/option><option value=\"AZ\" label=\"Azerbaijan\">Azerbaijan<\/option><option value=\"BS\" label=\"Bahamas\">Bahamas<\/option><option value=\"BH\" label=\"Bahrain\">Bahrain<\/option><option value=\"BD\" label=\"Bangladesh\">Bangladesh<\/option><option value=\"BB\" label=\"Barbados\">Barbados<\/option><option value=\"BY\" label=\"Belarus\">Belarus<\/option><option value=\"BE\" label=\"Belgium\">Belgium<\/option><option value=\"BZ\" label=\"Belize\">Belize<\/option><option value=\"BJ\" label=\"Benin\">Benin<\/option><option value=\"BM\" label=\"Bermuda\">Bermuda<\/option><option value=\"BT\" label=\"Bhutan\">Bhutan<\/option><option value=\"BO\" label=\"Bolivia\">Bolivia<\/option><option value=\"BA\" label=\"Bosnia and Herzegovina\">Bosnia and Herzegovina<\/option><option value=\"BW\" label=\"Botswana\">Botswana<\/option><option value=\"BV\" label=\"Bouvet Island\">Bouvet Island<\/option><option value=\"BR\" label=\"Brazil\">Brazil<\/option><option value=\"BQ\" label=\"British Antarctic Territory\">British Antarctic Territory<\/option><option value=\"IO\" label=\"British Indian Ocean Territory\">British Indian Ocean Territory<\/option><option value=\"VG\" label=\"British Virgin Islands\">British Virgin Islands<\/option><option value=\"BN\" label=\"Brunei\">Brunei<\/option><option value=\"BG\" label=\"Bulgaria\">Bulgaria<\/option><option value=\"BF\" label=\"Burkina Faso\">Burkina Faso<\/option><option value=\"BI\" label=\"Burundi\">Burundi<\/option><option value=\"KH\" label=\"Cambodia\">Cambodia<\/option><option value=\"CM\" label=\"Cameroon\">Cameroon<\/option><option value=\"CA\" label=\"Canada\">Canada<\/option><option value=\"CT\" label=\"Canton and Enderbury Islands\">Canton and Enderbury Islands<\/option><option value=\"CV\" label=\"Cape Verde\">Cape Verde<\/option><option value=\"KY\" label=\"Cayman Islands\">Cayman Islands<\/option><option value=\"CF\" label=\"Central African Republic\">Central African Republic<\/option><option value=\"TD\" label=\"Chad\">Chad<\/option><option value=\"CL\" label=\"Chile\">Chile<\/option><option value=\"CN\" label=\"China\">China<\/option><option value=\"CX\" label=\"Christmas Island\">Christmas Island<\/option><option value=\"CC\" label=\"Cocos [Keeling] Islands\">Cocos [Keeling] Islands<\/option><option value=\"CO\" label=\"Colombia\">Colombia<\/option><option value=\"KM\" label=\"Comoros\">Comoros<\/option><option value=\"CG\" label=\"Congo - Brazzaville\">Congo &#8211; Brazzaville<\/option><option value=\"CD\" label=\"Congo - Kinshasa\">Congo &#8211; Kinshasa<\/option><option value=\"CK\" label=\"Cook Islands\">Cook Islands<\/option><option value=\"CR\" label=\"Costa Rica\">Costa Rica<\/option><option value=\"HR\" label=\"Croatia\">Croatia<\/option><option value=\"CU\" label=\"Cuba\">Cuba<\/option><option value=\"CY\" label=\"Cyprus\">Cyprus<\/option><option value=\"CZ\" label=\"Czech Republic\">Czech Republic<\/option><option value=\"CI\" label=\"C\u00f4te d\u2019Ivoire\">C\u00f4te d\u2019Ivoire<\/option><option value=\"DK\" label=\"Denmark\">Denmark<\/option><option value=\"DJ\" label=\"Djibouti\">Djibouti<\/option><option value=\"DM\" label=\"Dominica\">Dominica<\/option><option value=\"DO\" label=\"Dominican Republic\">Dominican Republic<\/option><option value=\"NQ\" label=\"Dronning Maud Land\">Dronning Maud Land<\/option><option value=\"DD\" label=\"East Germany\">East Germany<\/option><option value=\"EC\" label=\"Ecuador\">Ecuador<\/option><option value=\"EG\" label=\"Egypt\">Egypt<\/option><option value=\"SV\" label=\"El Salvador\">El Salvador<\/option><option value=\"GQ\" label=\"Equatorial Guinea\">Equatorial Guinea<\/option><option value=\"ER\" label=\"Eritrea\">Eritrea<\/option><option value=\"EE\" label=\"Estonia\">Estonia<\/option><option value=\"ET\" label=\"Ethiopia\">Ethiopia<\/option><option value=\"FK\" label=\"Falkland Islands\">Falkland Islands<\/option><option value=\"FO\" label=\"Faroe Islands\">Faroe Islands<\/option><option value=\"FJ\" label=\"Fiji\">Fiji<\/option><option value=\"FI\" label=\"Finland\">Finland<\/option><option value=\"FR\" label=\"France\">France<\/option><option value=\"GF\" label=\"French Guiana\">French Guiana<\/option><option value=\"PF\" label=\"French Polynesia\">French Polynesia<\/option><option value=\"TF\" label=\"French Southern Territories\">French Southern Territories<\/option><option value=\"FQ\" label=\"French Southern and Antarctic Territories\">French Southern and Antarctic Territories<\/option><option value=\"GA\" label=\"Gabon\">Gabon<\/option><option value=\"GM\" label=\"Gambia\">Gambia<\/option><option value=\"GE\" label=\"Georgia\">Georgia<\/option><option value=\"DE\" label=\"Germany\">Germany<\/option><option value=\"GH\" label=\"Ghana\">Ghana<\/option><option value=\"GI\" label=\"Gibraltar\">Gibraltar<\/option><option value=\"GR\" label=\"Greece\">Greece<\/option><option value=\"GL\" label=\"Greenland\">Greenland<\/option><option value=\"GD\" label=\"Grenada\">Grenada<\/option><option value=\"GP\" label=\"Guadeloupe\">Guadeloupe<\/option><option value=\"GU\" label=\"Guam\">Guam<\/option><option value=\"GT\" label=\"Guatemala\">Guatemala<\/option><option value=\"GG\" label=\"Guernsey\">Guernsey<\/option><option value=\"GN\" label=\"Guinea\">Guinea<\/option><option value=\"GW\" label=\"Guinea-Bissau\">Guinea-Bissau<\/option><option value=\"GY\" label=\"Guyana\">Guyana<\/option><option value=\"HT\" label=\"Haiti\">Haiti<\/option><option value=\"HM\" label=\"Heard Island and McDonald Islands\">Heard Island and McDonald Islands<\/option><option value=\"HN\" label=\"Honduras\">Honduras<\/option><option value=\"HK\" label=\"Hong Kong SAR China\">Hong Kong SAR China<\/option><option value=\"HU\" label=\"Hungary\">Hungary<\/option><option value=\"IS\" label=\"Iceland\">Iceland<\/option><option value=\"IN\" label=\"India\">India<\/option><option value=\"ID\" label=\"Indonesia\">Indonesia<\/option><option value=\"IR\" label=\"Iran\">Iran<\/option><option value=\"IQ\" label=\"Iraq\">Iraq<\/option><option value=\"IE\" label=\"Ireland\">Ireland<\/option><option value=\"IM\" label=\"Isle of Man\">Isle of Man<\/option><option value=\"IL\" label=\"Israel\">Israel<\/option><option value=\"IT\" label=\"Italy\">Italy<\/option><option value=\"JM\" label=\"Jamaica\">Jamaica<\/option><option value=\"JP\" label=\"Japan\">Japan<\/option><option value=\"JE\" label=\"Jersey\">Jersey<\/option><option value=\"JT\" label=\"Johnston Island\">Johnston Island<\/option><option value=\"JO\" label=\"Jordan\">Jordan<\/option><option value=\"KZ\" label=\"Kazakhstan\">Kazakhstan<\/option><option value=\"KE\" label=\"Kenya\">Kenya<\/option><option value=\"KI\" label=\"Kiribati\">Kiribati<\/option><option value=\"KW\" label=\"Kuwait\">Kuwait<\/option><option value=\"KG\" label=\"Kyrgyzstan\">Kyrgyzstan<\/option><option value=\"LA\" label=\"Laos\">Laos<\/option><option value=\"LV\" label=\"Latvia\">Latvia<\/option><option value=\"LB\" label=\"Lebanon\">Lebanon<\/option><option value=\"LS\" label=\"Lesotho\">Lesotho<\/option><option value=\"LR\" label=\"Liberia\">Liberia<\/option><option value=\"LY\" label=\"Libya\">Libya<\/option><option value=\"LI\" label=\"Liechtenstein\">Liechtenstein<\/option><option value=\"LT\" label=\"Lithuania\">Lithuania<\/option><option value=\"LU\" label=\"Luxembourg\">Luxembourg<\/option><option value=\"MO\" label=\"Macau SAR China\">Macau SAR China<\/option><option value=\"MK\" label=\"Macedonia\">Macedonia<\/option><option value=\"MG\" label=\"Madagascar\">Madagascar<\/option><option value=\"MW\" label=\"Malawi\">Malawi<\/option><option value=\"MY\" label=\"Malaysia\">Malaysia<\/option><option value=\"MV\" label=\"Maldives\">Maldives<\/option><option value=\"ML\" label=\"Mali\">Mali<\/option><option value=\"MT\" label=\"Malta\">Malta<\/option><option value=\"MH\" label=\"Marshall Islands\">Marshall Islands<\/option><option value=\"MQ\" label=\"Martinique\">Martinique<\/option><option value=\"MR\" label=\"Mauritania\">Mauritania<\/option><option value=\"MU\" label=\"Mauritius\">Mauritius<\/option><option value=\"YT\" label=\"Mayotte\">Mayotte<\/option><option value=\"FX\" label=\"Metropolitan France\">Metropolitan France<\/option><option value=\"MX\" label=\"Mexico\">Mexico<\/option><option value=\"FM\" label=\"Micronesia\">Micronesia<\/option><option value=\"MI\" label=\"Midway Islands\">Midway Islands<\/option><option value=\"MD\" label=\"Moldova\">Moldova<\/option><option value=\"MC\" label=\"Monaco\">Monaco<\/option><option value=\"MN\" label=\"Mongolia\">Mongolia<\/option><option value=\"ME\" label=\"Montenegro\">Montenegro<\/option><option value=\"MS\" label=\"Montserrat\">Montserrat<\/option><option value=\"MA\" label=\"Morocco\">Morocco<\/option><option value=\"MZ\" label=\"Mozambique\">Mozambique<\/option><option value=\"MM\" label=\"Myanmar [Burma]\">Myanmar [Burma]<\/option><option value=\"NA\" label=\"Namibia\">Namibia<\/option><option value=\"NR\" label=\"Nauru\">Nauru<\/option><option value=\"NP\" label=\"Nepal\">Nepal<\/option><option value=\"NL\" label=\"Netherlands\">Netherlands<\/option><option value=\"AN\" label=\"Netherlands Antilles\">Netherlands Antilles<\/option><option value=\"NT\" label=\"Neutral Zone\">Neutral Zone<\/option><option value=\"NC\" label=\"New Caledonia\">New Caledonia<\/option><option value=\"NZ\" label=\"New Zealand\">New Zealand<\/option><option value=\"NI\" label=\"Nicaragua\">Nicaragua<\/option><option value=\"NE\" label=\"Niger\">Niger<\/option><option value=\"NG\" label=\"Nigeria\">Nigeria<\/option><option value=\"NU\" label=\"Niue\">Niue<\/option><option value=\"NF\" label=\"Norfolk Island\">Norfolk Island<\/option><option value=\"KP\" label=\"North Korea\">North Korea<\/option><option value=\"VD\" label=\"North Vietnam\">North Vietnam<\/option><option value=\"MP\" label=\"Northern Mariana Islands\">Northern Mariana Islands<\/option><option value=\"NO\" label=\"Norway\">Norway<\/option><option value=\"OM\" label=\"Oman\">Oman<\/option><option value=\"PC\" label=\"Pacific Islands Trust Territory\">Pacific Islands Trust Territory<\/option><option value=\"PK\" label=\"Pakistan\">Pakistan<\/option><option value=\"PW\" label=\"Palau\">Palau<\/option><option value=\"PS\" label=\"Palestinian Territories\">Palestinian Territories<\/option><option value=\"PA\" label=\"Panama\">Panama<\/option><option value=\"PZ\" label=\"Panama Canal Zone\">Panama Canal Zone<\/option><option value=\"PG\" label=\"Papua New Guinea\">Papua New Guinea<\/option><option value=\"PY\" label=\"Paraguay\">Paraguay<\/option><option value=\"YD\" label=\"People's Democratic Republic of Yemen\">People&#8217;s Democratic Republic of Yemen<\/option><option value=\"PE\" label=\"Peru\">Peru<\/option><option value=\"PH\" label=\"Philippines\">Philippines<\/option><option value=\"PN\" label=\"Pitcairn Islands\">Pitcairn Islands<\/option><option value=\"PL\" label=\"Poland\">Poland<\/option><option value=\"PT\" label=\"Portugal\">Portugal<\/option><option value=\"PR\" label=\"Puerto Rico\">Puerto Rico<\/option><option value=\"QA\" label=\"Qatar\">Qatar<\/option><option value=\"RO\" label=\"Romania\">Romania<\/option><option value=\"RU\" label=\"Russia\">Russia<\/option><option value=\"RW\" label=\"Rwanda\">Rwanda<\/option><option value=\"RE\" label=\"R\u00e9union\">R\u00e9union<\/option><option value=\"BL\" label=\"Saint Barth\u00e9lemy\">Saint Barth\u00e9lemy<\/option><option value=\"SH\" label=\"Saint Helena\">Saint Helena<\/option><option value=\"KN\" label=\"Saint Kitts and Nevis\">Saint Kitts and Nevis<\/option><option value=\"LC\" label=\"Saint Lucia\">Saint Lucia<\/option><option value=\"MF\" label=\"Saint Martin\">Saint Martin<\/option><option value=\"PM\" label=\"Saint Pierre and Miquelon\">Saint Pierre and Miquelon<\/option><option value=\"VC\" label=\"Saint Vincent and the Grenadines\">Saint Vincent and the Grenadines<\/option><option value=\"WS\" label=\"Samoa\">Samoa<\/option><option value=\"SM\" label=\"San Marino\">San Marino<\/option><option value=\"SA\" label=\"Saudi Arabia\">Saudi Arabia<\/option><option value=\"SN\" label=\"Senegal\">Senegal<\/option><option value=\"RS\" label=\"Serbia\">Serbia<\/option><option value=\"CS\" label=\"Serbia and Montenegro\">Serbia and Montenegro<\/option><option value=\"SC\" label=\"Seychelles\">Seychelles<\/option><option value=\"SL\" label=\"Sierra Leone\">Sierra Leone<\/option><option value=\"SG\" label=\"Singapore\">Singapore<\/option><option value=\"SK\" label=\"Slovakia\">Slovakia<\/option><option value=\"SI\" label=\"Slovenia\">Slovenia<\/option><option value=\"SB\" label=\"Solomon Islands\">Solomon Islands<\/option><option value=\"SO\" label=\"Somalia\">Somalia<\/option><option value=\"ZA\" label=\"South Africa\">South Africa<\/option><option value=\"GS\" label=\"South Georgia and the South Sandwich Islands\">South Georgia and the South Sandwich Islands<\/option><option value=\"KR\" label=\"South Korea\">South Korea<\/option><option value=\"ES\" label=\"Spain\">Spain<\/option><option value=\"LK\" label=\"Sri Lanka\">Sri Lanka<\/option><option value=\"SD\" label=\"Sudan\">Sudan<\/option><option value=\"SR\" label=\"Suriname\">Suriname<\/option><option value=\"SJ\" label=\"Svalbard and Jan Mayen\">Svalbard and Jan Mayen<\/option><option value=\"SZ\" label=\"Swaziland\">Swaziland<\/option><option value=\"SE\" label=\"Sweden\">Sweden<\/option><option value=\"CH\" label=\"Switzerland\">Switzerland<\/option><option value=\"SY\" label=\"Syria\">Syria<\/option><option value=\"ST\" label=\"S\u00e3o Tom\u00e9 and Pr\u00edncipe\">S\u00e3o Tom\u00e9 and Pr\u00edncipe<\/option><option value=\"TW\" label=\"Taiwan\">Taiwan<\/option><option value=\"TJ\" label=\"Tajikistan\">Tajikistan<\/option><option value=\"TZ\" label=\"Tanzania\">Tanzania<\/option><option value=\"TH\" label=\"Thailand\">Thailand<\/option><option value=\"TL\" label=\"Timor-Leste\">Timor-Leste<\/option><option value=\"TG\" label=\"Togo\">Togo<\/option><option value=\"TK\" label=\"Tokelau\">Tokelau<\/option><option value=\"TO\" label=\"Tonga\">Tonga<\/option><option value=\"TT\" label=\"Trinidad and Tobago\">Trinidad and Tobago<\/option><option value=\"TN\" label=\"Tunisia\">Tunisia<\/option><option value=\"TR\" label=\"Turkey\">Turkey<\/option><option value=\"TM\" label=\"Turkmenistan\">Turkmenistan<\/option><option value=\"TC\" label=\"Turks and Caicos Islands\">Turks and Caicos Islands<\/option><option value=\"TV\" label=\"Tuvalu\">Tuvalu<\/option><option value=\"UM\" label=\"U.S. Minor Outlying Islands\">U.S. Minor Outlying Islands<\/option><option value=\"PU\" label=\"U.S. Miscellaneous Pacific Islands\">U.S. Miscellaneous Pacific Islands<\/option><option value=\"VI\" label=\"U.S. Virgin Islands\">U.S. Virgin Islands<\/option><option value=\"UG\" label=\"Uganda\">Uganda<\/option><option value=\"UA\" label=\"Ukraine\">Ukraine<\/option><option value=\"SU\" label=\"Union of Soviet Socialist Republics\">Union of Soviet Socialist Republics<\/option><option value=\"AE\" label=\"United Arab Emirates\">United Arab Emirates<\/option><option value=\"GB\" label=\"United Kingdom\">United Kingdom<\/option><option value=\"US\" label=\"United States\">United States<\/option><option value=\"ZZ\" label=\"Unknown or Invalid Region\">Unknown or Invalid Region<\/option><option value=\"UY\" label=\"Uruguay\">Uruguay<\/option><option value=\"UZ\" label=\"Uzbekistan\">Uzbekistan<\/option><option value=\"VU\" label=\"Vanuatu\">Vanuatu<\/option><option value=\"VA\" label=\"Vatican City\">Vatican City<\/option><option value=\"VE\" label=\"Venezuela\">Venezuela<\/option><option value=\"VN\" label=\"Vietnam\">Vietnam<\/option><option value=\"WK\" label=\"Wake Island\">Wake Island<\/option><option value=\"WF\" label=\"Wallis and Futuna\">Wallis and Futuna<\/option><option value=\"EH\" label=\"Western Sahara\">Western Sahara<\/option><option value=\"YE\" label=\"Yemen\">Yemen<\/option><option value=\"ZM\" label=\"Zambia\">Zambia<\/option><option value=\"ZW\" label=\"Zimbabwe\">Zimbabwe<\/option><option value=\"AX\" label=\"\u00c5land Islands\">\u00c5land Islands<\/option><\/select><\/div>\n<div class=\"api_input\" id=\"api_state\">\n<label for=\"state\">State\/Region\/Province<\/label><br \/>\n<input type=\"text\" name=\"state\" id=\"state\" value=\"\"><\/div>\n<div class=\"api_input\" id=\"api_zip\">\n<label for=\"zip\">Zip<\/label><br \/>\n<input type=\"text\" name=\"zip\" id=\"zip\" value=\"\"><\/div>\n<div class=\"api_input\" id=\"api_phone\">\n<label for=\"phone\">Telephone<\/label><br \/>\n<input type=\"text\" name=\"phone\" id=\"phone\" value=\"\"><\/div>\n<div class=\"api_input\" id=\"api_password\">\n<label for=\"password\">Password<\/label><br \/>\n<input type=\"password\" name=\"password\" id=\"password\" value=\"\"><\/div>\n<div class=\"api_input\" id=\"api_password_confirm\">\n<label for=\"password_confirm\">Confirm Password<\/label><br \/>\n<input type=\"password\" name=\"password_confirm\" id=\"password_confirm\" value=\"\"><\/div>\n<div class=\"api_input\" id=\"api_captcha\">\n<label for=\"captcha\">Type the characters you see below<\/label><br \/><img alt=\"captcha\" src=\"http:\/\/api.smartsolution.web.id\/captcha?transparent=1\"\/><br \/>\n<input type=\"text\" name=\"captcha\" id=\"captcha\" value=\"\" captcha_src=\"http:\/\/api.smartsolution.web.id\/captcha?transparent=1\"><\/div>\n<p><input type=\"submit\" name=\"submit\" id=\"submit\" value=\"Save\"><\/form>\n<\/div>\n<p><script type = \"text\/javascript\" src=\"https:\/\/ajax.googleapis.com\/ajax\/libs\/jquery\/1.6.1\/jquery.min.js\"><\/script><br \/>\n<script type = \"text\/javascript\">\n$.urlParam = function(name){\n\tvar results = new RegExp('[\\\\?&]' + name + '=([^&#]*)').exec(window.location.href);\n\tif(results) {\n\t\treturn results[1] || 0;\n\t}\n\treturn '';\n}<\/p>\n<p>function urldecode(url) {\n  return decodeURIComponent(url.replace(\/\\+\/g, ' '));\n}<\/p>\n<p>$(function() {<\/p>\n<p>    $('#reg input').each(function(){\n        var v = $.urlParam($(this).attr('name'));\n        if(v) {\n            $(this).val(urldecode(v));\n        }\n    });<\/p>\n<p>\tvar err = $.urlParam('error_msg');\n\tif(err) {\n        $('<\/p>\n<div class=\"error\">').text(urldecode(err)).insertBefore('#reg');\n    }\n});<\/p>\n<p><\/script> <A title=\"satelit peta dunia\" HREF=\"http:\/\/petasaya.xyz\/\">petasatelit<\/A> <a HREF=\"http:\/\/www.petasaya.xyz\/\" title=\"satelit peta\"  >petasatelit<\/a> <A HREF=\"http:\/\/petasaya.xyz\/\" TITLE=\"peta satelit dunia\">www.petasaya.xyz<\/A><\/p>\n","protected":false},"excerpt":{"rendered":"<p>Email address Name Last Name Company Address line 1 Address line 2 City Country Choose a countryAfghanistanAlbaniaAlgeriaAmerican SamoaAndorraAngolaAnguillaAntarcticaAntigua and BarbudaArgentinaArmeniaArubaAustraliaAustriaAzerbaijanBahamasBahrainBangladeshBarbadosBelarusBelgiumBelizeBeninBermudaBhutanBoliviaBosnia and HerzegovinaBotswanaBouvet IslandBrazilBritish Antarctic TerritoryBritish Indian Ocean TerritoryBritish Virgin IslandsBruneiBulgariaBurkina FasoBurundiCambodiaCameroonCanadaCanton and Enderbury IslandsCape VerdeCayman IslandsCentral African RepublicChadChileChinaChristmas IslandCocos [Keeling] IslandsColombiaComorosCongo &#8211; BrazzavilleCongo &#8211; KinshasaCook IslandsCosta RicaCroatiaCubaCyprusCzech RepublicC\u00f4te d\u2019IvoireDenmarkDjiboutiDominicaDominican RepublicDronning Maud LandEast GermanyEcuadorEgyptEl SalvadorEquatorial GuineaEritreaEstoniaEthiopiaFalkland [&hellip;]<\/p>\n","protected":false},"author":1,"featured_media":0,"parent":0,"menu_order":0,"comment_status":"open","ping_status":"open","template":"","meta":[],"_links":{"self":[{"href":"https:\/\/www.steven.id\/www.smartsolution.web.id\/wp-json\/wp\/v2\/pages\/55"}],"collection":[{"href":"https:\/\/www.steven.id\/www.smartsolution.web.id\/wp-json\/wp\/v2\/pages"}],"about":[{"href":"https:\/\/www.steven.id\/www.smartsolution.web.id\/wp-json\/wp\/v2\/types\/page"}],"author":[{"embeddable":true,"href":"https:\/\/www.steven.id\/www.smartsolution.web.id\/wp-json\/wp\/v2\/users\/1"}],"replies":[{"embeddable":true,"href":"https:\/\/www.steven.id\/www.smartsolution.web.id\/wp-json\/wp\/v2\/comments?post=55"}],"version-history":[{"count":6,"href":"https:\/\/www.steven.id\/www.smartsolution.web.id\/wp-json\/wp\/v2\/pages\/55\/revisions"}],"predecessor-version":[{"id":116,"href":"https:\/\/www.steven.id\/www.smartsolution.web.id\/wp-json\/wp\/v2\/pages\/55\/revisions\/116"}],"wp:attachment":[{"href":"https:\/\/www.steven.id\/www.smartsolution.web.id\/wp-json\/wp\/v2\/media?parent=55"}],"curies":[{"name":"wp","href":"https:\/\/api.w.org\/{rel}","templated":true}]}}